{"id":852,"date":"2022-01-27T10:27:21","date_gmt":"2022-01-27T09:27:21","guid":{"rendered":"https:\/\/geesthacht.biker-school.com\/?page_id=852"},"modified":"2025-10-06T20:15:32","modified_gmt":"2025-10-06T18:15:32","slug":"impressum","status":"publish","type":"page","link":"https:\/\/geesthacht.biker-school.com\/en\/rechtliches\/impressum\/","title":{"rendered":"Impressum"},"content":{"rendered":"<p>[et_pb_section fb_built=&#8220;1&#8243; custom_padding_last_edited=&#8220;on|tablet&#8220; admin_label=&#8220;Packages&#8220; _builder_version=&#8220;4.16&#8243; background_color=&#8220;#22272a&#8220; use_background_color_gradient=&#8220;on&#8220; background_color_gradient_direction=&#8220;140deg&#8220; background_color_gradient_stops=&#8220;rgba(0,0,0,0.9) 0%|rgba(80,103,147,0.5) 100%&#8220; background_color_gradient_start=&#8220;rgba(0,0,0,0.9)&#8220; background_color_gradient_end=&#8220;rgba(80,103,147,0.5)&#8220; background_image=&#8220;https:\/\/geesthacht.biker-school.com\/wp-content\/uploads\/2021\/12\/venture_02.png&#8220; background_enable_video_mp4=&#8220;off&#8220; custom_padding=&#8220;110px||110px|&#8220; custom_padding_tablet=&#8220;0px||0px|&#8220; custom_padding_phone=&#8220;&#8220; da_disable_devices=&#8220;off|off|off&#8220; global_colors_info=&#8220;{}&#8220; da_is_popup=&#8220;off&#8220; da_exit_intent=&#8220;off&#8220; da_has_close=&#8220;on&#8220; da_alt_close=&#8220;off&#8220; da_dark_close=&#8220;off&#8220; da_not_modal=&#8220;on&#8220; da_is_singular=&#8220;off&#8220; da_with_loader=&#8220;off&#8220; da_has_shadow=&#8220;on&#8220;][et_pb_row custom_padding_last_edited=&#8220;on|phone&#8220; admin_label=&#8220;Packages Title&#8220; _builder_version=&#8220;4.16&#8243; custom_padding=&#8220;30px|0px|70px|0px||&#8220; custom_padding_tablet=&#8220;60px||0px|&#8220; custom_padding_phone=&#8220;&#8220; locked=&#8220;off&#8220; global_colors_info=&#8220;{}&#8220;][et_pb_column type=&#8220;4_4&#8243; _builder_version=&#8220;4.16&#8243; custom_padding=&#8220;|||&#8220; global_colors_info=&#8220;{}&#8220; custom_padding__hover=&#8220;|||&#8220;][et_pb_text disabled_on=&#8220;off|off|off&#8220; _builder_version=&#8220;4.16&#8243; text_font=&#8220;||||&#8220; text_text_color=&#8220;#1a1a1a&#8220; header_font=&#8220;Open Sans|700||on|||||&#8220; header_text_align=&#8220;center&#8220; header_font_size=&#8220;60px&#8220; header_line_height=&#8220;1.3em&#8220; module_alignment=&#8220;center&#8220; custom_margin=&#8220;|||&#8220; custom_padding=&#8220;|||&#8220; animation_style=&#8220;slide&#8220; animation_direction=&#8220;top&#8220; animation_intensity_slide=&#8220;10%&#8220; locked=&#8220;off&#8220; global_colors_info=&#8220;{}&#8220;]<\/p>\n<h1><span style=\"color: #ffffff;\">Impressum<\/span><\/h1>\n<p>[\/et_pb_text][et_pb_divider color=&#8220;#ed4441&#8243; divider_position=&#8220;center&#8220; divider_weight=&#8220;3px&#8220; disabled_on=&#8220;off|off|off&#8220; _builder_version=&#8220;4.16&#8243; max_width=&#8220;150px&#8220; module_alignment=&#8220;center&#8220; height=&#8220;false&#8220; custom_margin=&#8220;30px|||&#8220; animation_style=&#8220;slide&#8220; animation_direction=&#8220;top&#8220; animation_delay=&#8220;100ms&#8220; animation_intensity_slide=&#8220;10%&#8220; locked=&#8220;off&#8220; global_colors_info=&#8220;{}&#8220;][\/et_pb_divider][\/et_pb_column][\/et_pb_row][\/et_pb_section][et_pb_section fb_built=&#8220;1&#8243; _builder_version=&#8220;4.16&#8243; _module_preset=&#8220;default&#8220; background_enable_video_mp4=&#8220;off&#8220; da_disable_devices=&#8220;off|off|off&#8220; global_colors_info=&#8220;{}&#8220; da_is_popup=&#8220;off&#8220; da_exit_intent=&#8220;off&#8220; da_has_close=&#8220;on&#8220; da_alt_close=&#8220;off&#8220; da_dark_close=&#8220;off&#8220; da_not_modal=&#8220;on&#8220; da_is_singular=&#8220;off&#8220; da_with_loader=&#8220;off&#8220; da_has_shadow=&#8220;on&#8220;][et_pb_row _builder_version=&#8220;4.16&#8243; _module_preset=&#8220;default&#8220; global_colors_info=&#8220;{}&#8220;][et_pb_column type=&#8220;4_4&#8243; _builder_version=&#8220;4.16&#8243; _module_preset=&#8220;default&#8220; global_colors_info=&#8220;{}&#8220;][et_pb_text _builder_version=&#8220;4.19.0&#8243; _module_preset=&#8220;default&#8220; text_text_color=&#8220;#000000&#8243; global_colors_info=&#8220;{}&#8220;]<\/p>\n<header class=\"nav-up\">\n<h2 class=\"\">\u00a0<\/h2>\n<\/header>\n<h2>Impressum<\/h2>\n<p>BIKER SCHOOL Geesthacht<\/p>\n<p>Tel.: 04152 \/ 88 82 88 4<br \/>Fax: 04152 \/ 88 82 88 5<\/p>\n<p>E-mail: geesthacht@biker-school.com<\/p>\n<p>&nbsp;<\/p>\n<p>VBZ GmbH Hamburg Ndl. Geesthacht<br \/>Leibnitzstra\u00dfe 8<br \/>21502 Geesthacht<\/p>\n<p>E-Mail: info@vbz-geesthacht.de<\/p>\n<p>Tel.: 04152 \/ 88 82 88 4<br \/>Fax: 04152 \/ 88 82 88 5<\/p>\n<p>Hauptstelle:<\/p>\n<p>Inh. VBZ GmbH Hamburg<br \/>Bredowstr. 17<br \/>22113 Hamburg<\/p>\n<p>Telefon: 040\/23 68 71 68<br \/>Telefax: 040\/23 68 71 88<br \/>E-Mail: info@vbz-hamburg.de<\/p>\n<p>Vertretungsberechtigter Gesch\u00e4ftsf\u00fchrer: Andrea Raschke<\/p>\n<p>Registergericht: Amtsgericht Hamburg<br \/>Registernummer: HRB 114885<br \/>Steuernr.: 46-765-01-695<\/p>\n<p>Inhaltlich Verantwortlicher gem\u00e4\u00df \u00a7 55 Abs. 2 RStV: Andrea Raschke (Anschrift wie oben)<\/p>\n<p>Verantwortlicher Leiter gem\u00e4\u00df \u00a7 10 Fahrlehrergesetz: J\u00f6rg Vespermann<br \/>Aufsichtsbeh\u00f6rde: Landesbetrieb Verkehr (LBV), Ausschl\u00e4ger Weg 100, 20537 Hamburg<\/p>\n<p>Haftungshinweis: Trotz sorgf\u00e4ltiger inhaltlicher Kontrolle \u00fcbernehmen wir keine Haftung f\u00fcr die Inhalte externer Links. F\u00fcr den Inhalt der verlinkten Seiten sind ausschlie\u00dflich deren Betreiber verantwortlich.<\/p>\n<p>[\/et_pb_text][\/et_pb_column][\/et_pb_row][\/et_pb_section]<\/p>\n","protected":false},"excerpt":{"rendered":"<p>Impressum \u00a0 Impressum BIKER SCHOOL Geesthacht Tel.: 04152 \/ 88 82 88 4Fax: 04152 \/ 88 82 88 5 E-mail: geesthacht@biker-school.com &nbsp; VBZ GmbH Hamburg Ndl. GeesthachtLeibnitzstra\u00dfe 821502 Geesthacht E-Mail: info@vbz-geesthacht.de Tel.: 04152 \/ 88 82 88 4Fax: 04152 \/ 88 82 88 5 Hauptstelle: Inh. VBZ GmbH HamburgBredowstr. 1722113 Hamburg Telefon: 040\/23 68 71 [&hellip;]<\/p>\n","protected":false},"author":1,"featured_media":0,"parent":849,"menu_order":2,"comment_status":"closed","ping_status":"closed","template":"","meta":{"_et_pb_use_builder":"on","_et_pb_old_content":"","_et_gb_content_width":"","_monsterinsights_skip_tracking":false,"_monsterinsights_sitenote_active":false,"_monsterinsights_sitenote_note":"","_monsterinsights_sitenote_category":0,"footnotes":""},"class_list":["post-852","page","type-page","status-publish","hentry"],"aioseo_notices":[],"_links":{"self":[{"href":"https:\/\/geesthacht.biker-school.com\/en\/wp-json\/wp\/v2\/pages\/852","targetHints":{"allow":["GET"]}}],"collection":[{"href":"https:\/\/geesthacht.biker-school.com\/en\/wp-json\/wp\/v2\/pages"}],"about":[{"href":"https:\/\/geesthacht.biker-school.com\/en\/wp-json\/wp\/v2\/types\/page"}],"author":[{"embeddable":true,"href":"https:\/\/geesthacht.biker-school.com\/en\/wp-json\/wp\/v2\/users\/1"}],"replies":[{"embeddable":true,"href":"https:\/\/geesthacht.biker-school.com\/en\/wp-json\/wp\/v2\/comments?post=852"}],"version-history":[{"count":8,"href":"https:\/\/geesthacht.biker-school.com\/en\/wp-json\/wp\/v2\/pages\/852\/revisions"}],"predecessor-version":[{"id":1303,"href":"https:\/\/geesthacht.biker-school.com\/en\/wp-json\/wp\/v2\/pages\/852\/revisions\/1303"}],"up":[{"embeddable":true,"href":"https:\/\/geesthacht.biker-school.com\/en\/wp-json\/wp\/v2\/pages\/849"}],"wp:attachment":[{"href":"https:\/\/geesthacht.biker-school.com\/en\/wp-json\/wp\/v2\/media?parent=852"}],"curies":[{"name":"wp","href":"https:\/\/api.w.org\/{rel}","templated":true}]}}